{"id":2550,"date":"2013-10-23T10:04:06","date_gmt":"2013-10-23T07:04:06","guid":{"rendered":"https:\/\/filmifestivalkaader.ee\/2013-2\/"},"modified":"2024-09-18T22:49:20","modified_gmt":"2024-09-18T19:49:20","slug":"2013-2","status":"publish","type":"page","link":"https:\/\/filmifestivalkaader.ee\/en\/archives\/2013-2\/","title":{"rendered":"2013"},"content":{"rendered":"<p>The 2013 edition was surprisingly diverse and the best were recognised.<br \/>\nParticipants: 1. <a href=\"http:\/\/www.youtube.com\/watch?v=OTHnLLCaagg\">Taak<\/a> (25th class B-female team, Peeter Koll) 2. <a href=\"http:\/\/http:\/\/www.youtube.com\/watch?v=C9uk244fY30&amp;feature=youtu.be\">24 seconds film<\/a> (J\u00fcrgen Volmer, Kevin Rull, Tarvi Kleesmann, Markus Allikm\u00e4e) 3. <a href=\"http:\/\/www.youtube.com\/watch?v=yeA4xP2O2wk\">Plan A<\/a> (young people from L\u00e4hte G\u00fcmnaasium).<br \/>\n4. This is life (Markus Allikm\u00e4e and friends)<br \/>\n5. Kompost (Kaarel Kusmin, Karl Eerik Kokk and friends)<br \/>\n6. <a href=\"http:\/\/www.youtube.com\/watch?v=uXGwWTrPjgc\">More Archaic<\/a> (Siim Andrespok and friends) 7. <a href=\"http:\/\/www.youtube.com\/watch?v=5-ADxh9-MGE\">Angelina<\/a> (Sander Saard, Ergo Pajuv\u00e4li and friends) 8.<br \/>\nFate (Piia Kuusmann, Lang brothers and friends) &nbsp; Grand Prix &#8211; &#8220;Angelina&#8221; Sander Saard, Ergo Pajuv\u00e4li and others.<br \/>\nAudience favourite &#8211; &#8220;Angelina&#8221; Sander Saard, Ergo Pajuv\u00e4li and others.<br \/>\nBest Cinematography &#8211; &#8220;Taak&#8221; Peeter Koll Best Quote &#8211; &#8220;The More Archaic&#8221; Kevin Rull &#8220;If you don&#8217;t choose us, we will come.&#8221; Special prize for a happy ending &#8211; &#8220;24 Seconds Film&#8221;. J\u00fcrgen Volmer Special Design Award &#8211; &#8220;Compost&#8221; Kaarel Kusmin All videos can be found <a href=\"http:\/\/www.youtube.com\/user\/FilmifestivalKaader\/feed\" target=\"_blank\" rel=\"noopener\">here.<\/a>       <\/p>\n","protected":false},"excerpt":{"rendered":"<p>The 2013 edition was surprisingly diverse and the best were recognised. Participants: 1. Taak (25th class B-female team, Peeter Koll) 2. 24 seconds film (J\u00fcrgen Volmer, Kevin Rull, Tarvi Kleesmann, Markus Allikm\u00e4e) 3. Plan A (young people from L\u00e4hte G\u00fcmnaasium). 4. This is life (Markus Allikm\u00e4e and friends) 5. Kompost (Kaarel Kusmin, Karl Eerik Kokk [&hellip;]<\/p>\n","protected":false},"author":2,"featured_media":0,"parent":2630,"menu_order":0,"comment_status":"closed","ping_status":"open","template":"","meta":{"_acf_changed":false,"footnotes":""},"class_list":["post-2550","page","type-page","status-publish","hentry"],"acf":[],"yoast_head":"<!-- This site is optimized with the Yoast SEO plugin v24.9 - https:\/\/yoast.com\/wordpress\/plugins\/seo\/ -->\n<title>2013 | Filmifestival Kaader<\/title>\n<meta name=\"robots\" content=\"index, follow, max-snippet:-1, max-image-preview:large, max-video-preview:-1\" \/>\n<link rel=\"canonical\" href=\"https:\/\/filmifestivalkaader.ee\/en\/archives\/2013-2\/\" \/>\n<meta property=\"og:locale\" content=\"en_US\" \/>\n<meta property=\"og:type\" content=\"article\" \/>\n<meta property=\"og:title\" content=\"2013 | Filmifestival Kaader\" \/>\n<meta property=\"og:description\" content=\"The 2013 edition was surprisingly diverse and the best were recognised. Participants: 1. Taak (25th class B-female team, Peeter Koll) 2. 24 seconds film (J\u00fcrgen Volmer, Kevin Rull, Tarvi Kleesmann, Markus Allikm\u00e4e) 3. Plan A (young people from L\u00e4hte G\u00fcmnaasium). 4. This is life (Markus Allikm\u00e4e and friends) 5. Kompost (Kaarel Kusmin, Karl Eerik Kokk [&hellip;]\" \/>\n<meta property=\"og:url\" content=\"https:\/\/filmifestivalkaader.ee\/en\/archives\/2013-2\/\" \/>\n<meta property=\"og:site_name\" content=\"Filmifestival Kaader\" \/>\n<meta property=\"article:publisher\" content=\"http:\/\/facebook.com\/filmifestivalkaader\" \/>\n<meta property=\"article:modified_time\" content=\"2024-09-18T19:49:20+00:00\" \/>\n<meta property=\"og:image\" content=\"https:\/\/filmifestivalkaader.ee\/wp-content\/images\/kaader-img.jpg\" \/>\n\t<meta property=\"og:image:width\" content=\"1920\" \/>\n\t<meta property=\"og:image:height\" content=\"1080\" \/>\n\t<meta property=\"og:image:type\" content=\"image\/jpeg\" \/>\n<meta name=\"twitter:card\" content=\"summary_large_image\" \/>\n<meta name=\"twitter:label1\" content=\"Est. reading time\" \/>\n\t<meta name=\"twitter:data1\" content=\"1 minute\" \/>\n<script type=\"application\/ld+json\" class=\"yoast-schema-graph\">{\"@context\":\"https:\/\/schema.org\",\"@graph\":[{\"@type\":\"WebPage\",\"@id\":\"https:\/\/filmifestivalkaader.ee\/en\/archives\/2013-2\/\",\"url\":\"https:\/\/filmifestivalkaader.ee\/en\/archives\/2013-2\/\",\"name\":\"2013 | Filmifestival Kaader\",\"isPartOf\":{\"@id\":\"https:\/\/filmifestivalkaader.ee\/en\/#website\"},\"datePublished\":\"2013-10-23T07:04:06+00:00\",\"dateModified\":\"2024-09-18T19:49:20+00:00\",\"breadcrumb\":{\"@id\":\"https:\/\/filmifestivalkaader.ee\/en\/archives\/2013-2\/#breadcrumb\"},\"inLanguage\":\"en-US\",\"potentialAction\":[{\"@type\":\"ReadAction\",\"target\":[\"https:\/\/filmifestivalkaader.ee\/en\/archives\/2013-2\/\"]}]},{\"@type\":\"BreadcrumbList\",\"@id\":\"https:\/\/filmifestivalkaader.ee\/en\/archives\/2013-2\/#breadcrumb\",\"itemListElement\":[{\"@type\":\"ListItem\",\"position\":1,\"name\":\"Esileht\",\"item\":\"https:\/\/filmifestivalkaader.ee\/en\/screenshot-from\/\"},{\"@type\":\"ListItem\",\"position\":2,\"name\":\"Archives\",\"item\":\"https:\/\/filmifestivalkaader.ee\/en\/archives\/\"},{\"@type\":\"ListItem\",\"position\":3,\"name\":\"2013\"}]},{\"@type\":\"WebSite\",\"@id\":\"https:\/\/filmifestivalkaader.ee\/en\/#website\",\"url\":\"https:\/\/filmifestivalkaader.ee\/en\/\",\"name\":\"Filmifestival Kaader\",\"description\":\"Filmifestival Kaader\",\"publisher\":{\"@id\":\"https:\/\/filmifestivalkaader.ee\/en\/#organization\"},\"potentialAction\":[{\"@type\":\"SearchAction\",\"target\":{\"@type\":\"EntryPoint\",\"urlTemplate\":\"https:\/\/filmifestivalkaader.ee\/en\/?s={search_term_string}\"},\"query-input\":{\"@type\":\"PropertyValueSpecification\",\"valueRequired\":true,\"valueName\":\"search_term_string\"}}],\"inLanguage\":\"en-US\"},{\"@type\":\"Organization\",\"@id\":\"https:\/\/filmifestivalkaader.ee\/en\/#organization\",\"name\":\"Filmifestival Kaader\",\"url\":\"https:\/\/filmifestivalkaader.ee\/en\/\",\"logo\":{\"@type\":\"ImageObject\",\"inLanguage\":\"en-US\",\"@id\":\"https:\/\/filmifestivalkaader.ee\/en\/#\/schema\/logo\/image\/\",\"url\":\"https:\/\/filmifestivalkaader.ee\/wp-content\/images\/Kaader-logo.svg\",\"contentUrl\":\"https:\/\/filmifestivalkaader.ee\/wp-content\/images\/Kaader-logo.svg\",\"width\":262,\"height\":102,\"caption\":\"Filmifestival Kaader\"},\"image\":{\"@id\":\"https:\/\/filmifestivalkaader.ee\/en\/#\/schema\/logo\/image\/\"},\"sameAs\":[\"http:\/\/facebook.com\/filmifestivalkaader\",\"https:\/\/www.instagram.com\/festivalkaader\/\",\"https:\/\/www.youtube.com\/user\/FilmifestivalKaader\"]}]}<\/script>\n<!-- \/ Yoast SEO plugin. -->","yoast_head_json":{"title":"2013 | Filmifestival Kaader","robots":{"index":"index","follow":"follow","max-snippet":"max-snippet:-1","max-image-preview":"max-image-preview:large","max-video-preview":"max-video-preview:-1"},"canonical":"https:\/\/filmifestivalkaader.ee\/en\/archives\/2013-2\/","og_locale":"en_US","og_type":"article","og_title":"2013 | Filmifestival Kaader","og_description":"The 2013 edition was surprisingly diverse and the best were recognised. Participants: 1. Taak (25th class B-female team, Peeter Koll) 2. 24 seconds film (J\u00fcrgen Volmer, Kevin Rull, Tarvi Kleesmann, Markus Allikm\u00e4e) 3. Plan A (young people from L\u00e4hte G\u00fcmnaasium). 4. This is life (Markus Allikm\u00e4e and friends) 5. Kompost (Kaarel Kusmin, Karl Eerik Kokk [&hellip;]","og_url":"https:\/\/filmifestivalkaader.ee\/en\/archives\/2013-2\/","og_site_name":"Filmifestival Kaader","article_publisher":"http:\/\/facebook.com\/filmifestivalkaader","article_modified_time":"2024-09-18T19:49:20+00:00","og_image":[{"width":1920,"height":1080,"url":"https:\/\/filmifestivalkaader.ee\/wp-content\/images\/kaader-img.jpg","type":"image\/jpeg"}],"twitter_card":"summary_large_image","twitter_misc":{"Est. reading time":"1 minute"},"schema":{"@context":"https:\/\/schema.org","@graph":[{"@type":"WebPage","@id":"https:\/\/filmifestivalkaader.ee\/en\/archives\/2013-2\/","url":"https:\/\/filmifestivalkaader.ee\/en\/archives\/2013-2\/","name":"2013 | Filmifestival Kaader","isPartOf":{"@id":"https:\/\/filmifestivalkaader.ee\/en\/#website"},"datePublished":"2013-10-23T07:04:06+00:00","dateModified":"2024-09-18T19:49:20+00:00","breadcrumb":{"@id":"https:\/\/filmifestivalkaader.ee\/en\/archives\/2013-2\/#breadcrumb"},"inLanguage":"en-US","potentialAction":[{"@type":"ReadAction","target":["https:\/\/filmifestivalkaader.ee\/en\/archives\/2013-2\/"]}]},{"@type":"BreadcrumbList","@id":"https:\/\/filmifestivalkaader.ee\/en\/archives\/2013-2\/#breadcrumb","itemListElement":[{"@type":"ListItem","position":1,"name":"Esileht","item":"https:\/\/filmifestivalkaader.ee\/en\/screenshot-from\/"},{"@type":"ListItem","position":2,"name":"Archives","item":"https:\/\/filmifestivalkaader.ee\/en\/archives\/"},{"@type":"ListItem","position":3,"name":"2013"}]},{"@type":"WebSite","@id":"https:\/\/filmifestivalkaader.ee\/en\/#website","url":"https:\/\/filmifestivalkaader.ee\/en\/","name":"Filmifestival Kaader","description":"Filmifestival Kaader","publisher":{"@id":"https:\/\/filmifestivalkaader.ee\/en\/#organization"},"potentialAction":[{"@type":"SearchAction","target":{"@type":"EntryPoint","urlTemplate":"https:\/\/filmifestivalkaader.ee\/en\/?s={search_term_string}"},"query-input":{"@type":"PropertyValueSpecification","valueRequired":true,"valueName":"search_term_string"}}],"inLanguage":"en-US"},{"@type":"Organization","@id":"https:\/\/filmifestivalkaader.ee\/en\/#organization","name":"Filmifestival Kaader","url":"https:\/\/filmifestivalkaader.ee\/en\/","logo":{"@type":"ImageObject","inLanguage":"en-US","@id":"https:\/\/filmifestivalkaader.ee\/en\/#\/schema\/logo\/image\/","url":"https:\/\/filmifestivalkaader.ee\/wp-content\/images\/Kaader-logo.svg","contentUrl":"https:\/\/filmifestivalkaader.ee\/wp-content\/images\/Kaader-logo.svg","width":262,"height":102,"caption":"Filmifestival Kaader"},"image":{"@id":"https:\/\/filmifestivalkaader.ee\/en\/#\/schema\/logo\/image\/"},"sameAs":["http:\/\/facebook.com\/filmifestivalkaader","https:\/\/www.instagram.com\/festivalkaader\/","https:\/\/www.youtube.com\/user\/FilmifestivalKaader"]}]}},"_links":{"self":[{"href":"https:\/\/filmifestivalkaader.ee\/en\/wp-json\/wp\/v2\/pages\/2550","targetHints":{"allow":["GET"]}}],"collection":[{"href":"https:\/\/filmifestivalkaader.ee\/en\/wp-json\/wp\/v2\/pages"}],"about":[{"href":"https:\/\/filmifestivalkaader.ee\/en\/wp-json\/wp\/v2\/types\/page"}],"author":[{"embeddable":true,"href":"https:\/\/filmifestivalkaader.ee\/en\/wp-json\/wp\/v2\/users\/2"}],"replies":[{"embeddable":true,"href":"https:\/\/filmifestivalkaader.ee\/en\/wp-json\/wp\/v2\/comments?post=2550"}],"version-history":[{"count":1,"href":"https:\/\/filmifestivalkaader.ee\/en\/wp-json\/wp\/v2\/pages\/2550\/revisions"}],"predecessor-version":[{"id":2637,"href":"https:\/\/filmifestivalkaader.ee\/en\/wp-json\/wp\/v2\/pages\/2550\/revisions\/2637"}],"up":[{"embeddable":true,"href":"https:\/\/filmifestivalkaader.ee\/en\/wp-json\/wp\/v2\/pages\/2630"}],"wp:attachment":[{"href":"https:\/\/filmifestivalkaader.ee\/en\/wp-json\/wp\/v2\/media?parent=2550"}],"curies":[{"name":"wp","href":"https:\/\/api.w.org\/{rel}","templated":true}]}}